{"id":1590,"date":"2020-11-28T22:41:37","date_gmt":"2020-11-28T21:41:37","guid":{"rendered":"https:\/\/erweckedeinpotential.de\/hestia-front\/"},"modified":"2021-04-24T18:18:41","modified_gmt":"2021-04-24T16:18:41","slug":"home","status":"publish","type":"page","link":"https:\/\/erweckedeinpotential.de\/en\/home\/","title":{"rendered":"Home"},"content":{"rendered":"\n<div class=\"wp-block-cover alignfull has-parallax is-position-center-center\" style=\"background-image:url(https:\/\/erweckedeinpotential.de\/wp-content\/uploads\/2021\/04\/title.jpg);min-height:800px;aspect-ratio:unset;\"><div class=\"wp-block-cover__inner-container is-layout-flow wp-block-cover-is-layout-flow\">\n<p class=\"has-text-align-center has-text-color\" style=\"color:#fffffa;font-size:50px;line-height:1.1\"><strong>Erwecke und lebe dein Potential<\/strong><br><strong>und folge dem Weg deines Herzens<\/strong><\/p>\n<\/div><\/div>\n\n\n<h4><\/h4>\n<h4><span><strong>Was sind dein Lebenstraum und d<\/strong><\/span><span><strong>eine Berufung? <\/strong><\/span><\/h4>\n<h4><span><strong>Sind dein Traum und wahre Lebensaufgabe in \u00dcbereinstimmung?<\/strong><\/span><\/h4>\n<p><img fetchpriority=\"high\" decoding=\"async\" src=\"https:\/\/erweckedeinpotential.de\/wp-content\/uploads\/2021\/04\/Birgit1-1-225x300.jpg\" alt=\"\" class=\"size-medium wp-image-1825 alignright\" width=\"225\" height=\"300\"><\/p>\n<p>Seit 2012 helfe ich Menschen ihr Herz zu \u00f6ffnen, um die Botschaften ihrer wahren Essenz zu erkennen. Das ist die Basis, um im Einklang von Herz und Verstand zu leben. Jeder ist einzigartig mit seinen besonderen Begabungen und F\u00e4higkeiten. Selbstverwirklichung im Leben ist m\u00f6glich durch das Entdecken und Erwecken der uns gegebenen Potentiale. Auf diese Weise k\u00f6nnen wir im Fluss unserer kreativen M\u00f6glichkeiten aus unserem Herzen heraus leben.<\/p>\n<p>Gerne unterst\u00fctze ich dich dabei und lade dich zu einem kostenlosen Erstgespr\u00e4ch ein.<\/p>\n<p>Ich freue mich dich kennenzulernen.<\/p>\n<p>Herzlichst deine Birgit Seefeldt<\/p>\n<p><strong>Melde dich gerne bei mir:<br><\/strong><\/p>\n<p>Email: vertraue[\u00e4t]erweckedeinpotential.de<\/p>\n<p><a href=\"skype:birgit.seefeldt3?call\">Skype<\/a> oder Zoom<\/p>\n<p><img decoding=\"async\" src=\"https:\/\/erweckedeinpotential.de\/wp-content\/uploads\/2021\/02\/Nimm-dich-selbst-an-wie-du-bist-1-300x300.png\" alt=\"\" class=\"alignnone size-medium wp-image-1749\" width=\"300\" height=\"300\" srcset=\"https:\/\/erweckedeinpotential.de\/wp-content\/uploads\/2021\/02\/Nimm-dich-selbst-an-wie-du-bist-1-300x300.png 300w, https:\/\/erweckedeinpotential.de\/wp-content\/uploads\/2021\/02\/Nimm-dich-selbst-an-wie-du-bist-1-160x160.png 160w, https:\/\/erweckedeinpotential.de\/wp-content\/uploads\/2021\/02\/Nimm-dich-selbst-an-wie-du-bist-1-600x600.png 600w, https:\/\/erweckedeinpotential.de\/wp-content\/uploads\/2021\/02\/Nimm-dich-selbst-an-wie-du-bist-1-1024x1024.png 1024w, https:\/\/erweckedeinpotential.de\/wp-content\/uploads\/2021\/02\/Nimm-dich-selbst-an-wie-du-bist-1-150x150.png 150w, https:\/\/erweckedeinpotential.de\/wp-content\/uploads\/2021\/02\/Nimm-dich-selbst-an-wie-du-bist-1-768x768.png 768w, https:\/\/erweckedeinpotential.de\/wp-content\/uploads\/2021\/02\/Nimm-dich-selbst-an-wie-du-bist-1-12x12.png 12w, https:\/\/erweckedeinpotential.de\/wp-content\/uploads\/2021\/02\/Nimm-dich-selbst-an-wie-du-bist-1.png 1080w\" sizes=\"(max-width: 300px) 100vw, 300px\" \/><\/p>\n<p>Herz\u00f6ffnung ist der Schl\u00fcssel f\u00fcr Freude und Leichtigkeit im Leben<\/p>\n<p>N\u00e4chster Workshop zum Thema &#8222;Leichter loslassen&#8220; ab Samstag, den<br>Workshopbeitrag \u20ac 80 (4 x a 1,5 bis 2h)<\/p>\n<p>Ich freue mich mit euch auf auf eine gemeinsame Entdeckungsreise, um uns von altem Ballast zu befreien und inneren Frieden zu haben.<\/p>\n<p>Anmeldung per E-Mail: vertraue@erweckedeinpotential.de<\/p>\n<h3>Kontaktformular<\/h3>\n<p>Ich freue mich auf deine Kontaktaufnahme!<\/p>\n<div class=\"wpforms-container wpforms-container-full\" id=\"wpforms-1602\"><form id=\"wpforms-form-1602\" class=\"wpforms-validate wpforms-form\" data-formid=\"1602\" method=\"post\" enctype=\"multipart\/form-data\" action=\"\/en\/wp-json\/wp\/v2\/pages\/1590\" data-token=\"a63a63d1a9885e79f9b6b6c8c572612b\" data-token-time=\"1778299094\"><noscript class=\"wpforms-error-noscript\">Please enable JavaScript in your browser to complete this form.<\/noscript><div class=\"wpforms-field-container\"><div id=\"wpforms-1602-field_0-container\" class=\"wpforms-field wpforms-field-name\" data-field-id=\"0\"><label class=\"wpforms-field-label\">Name <span class=\"wpforms-required-label\">*<\/span><\/label><div class=\"wpforms-field-row wpforms-field-medium\"><div class=\"wpforms-field-row-block wpforms-first wpforms-one-half\"><input type=\"text\" id=\"wpforms-1602-field_0\" class=\"wpforms-field-name-first wpforms-field-required\" name=\"wpforms[fields][0][first]\" required><label for=\"wpforms-1602-field_0\" class=\"wpforms-field-sublabel after\">First<\/label><\/div><div class=\"wpforms-field-row-block wpforms-one-half\"><input type=\"text\" id=\"wpforms-1602-field_0-last\" class=\"wpforms-field-name-last wpforms-field-required\" name=\"wpforms[fields][0][last]\" required><label for=\"wpforms-1602-field_0-last\" class=\"wpforms-field-sublabel after\">Last<\/label><\/div><\/div><\/div><div id=\"wpforms-1602-field_1-container\" class=\"wpforms-field wpforms-field-email\" data-field-id=\"1\"><label class=\"wpforms-field-label\" for=\"wpforms-1602-field_1\">E-Mail <span class=\"wpforms-required-label\">*<\/span><\/label><input type=\"email\" id=\"wpforms-1602-field_1\" class=\"wpforms-field-medium wpforms-field-required\" name=\"wpforms[fields][1]\" spellcheck=\"false\" required><\/div><div id=\"wpforms-1602-field_4-container\" class=\"wpforms-field wpforms-field-name\" data-field-id=\"4\"><label class=\"wpforms-field-label\" for=\"wpforms-1602-field_4\">Telefon<\/label><input type=\"text\" id=\"wpforms-1602-field_4\" class=\"wpforms-field-medium\" name=\"wpforms[fields][4]\" ><\/div><div id=\"wpforms-1602-field_2-container\" class=\"wpforms-field wpforms-field-textarea\" data-field-id=\"2\"><label class=\"wpforms-field-label\" for=\"wpforms-1602-field_2\">Kommentar oder Nachricht <span class=\"wpforms-required-label\">*<\/span><\/label><textarea id=\"wpforms-1602-field_2\" class=\"wpforms-field-medium wpforms-field-required\" name=\"wpforms[fields][2]\" required><\/textarea><\/div><\/div><!-- .wpforms-field-container --><div class=\"wpforms-submit-container\" ><input type=\"hidden\" name=\"wpforms[id]\" value=\"1602\"><input type=\"hidden\" name=\"page_title\" value=\"\"><input type=\"hidden\" name=\"page_url\" value=\"https:\/\/erweckedeinpotential.de\/en\/wp-json\/wp\/v2\/pages\/1590\"><input type=\"hidden\" name=\"url_referer\" value=\"\"><button type=\"submit\" name=\"wpforms[submit]\" id=\"wpforms-submit-1602\" class=\"wpforms-submit\" data-alt-text=\"Senden...\" data-submit-text=\"Absenden\" aria-live=\"assertive\" value=\"wpforms-submit\">Absenden<\/button><\/div><\/form><\/div>  <!-- .wpforms-container -->\n<p><\/p>","protected":false},"excerpt":{"rendered":"<p>Was sind dein Lebenstraum und deine Berufung? Sind dein Traum und wahre Lebensaufgabe in \u00dcbereinstimmung? Seit 2012 helfe ich Menschen ihr Herz zu \u00f6ffnen, um die Botschaften ihrer wahren Essenz zu erkennen. Das ist die Basis, um im Einklang von Herz und Verstand zu leben. Jeder ist einzigartig mit seinen [&hellip;]<\/p>\n","protected":false},"author":1,"featured_media":0,"parent":0,"menu_order":0,"comment_status":"closed","ping_status":"closed","template":"","meta":{"footnotes":""},"class_list":["post-1590","page","type-page","status-publish","hentry"],"_links":{"self":[{"href":"https:\/\/erweckedeinpotential.de\/en\/wp-json\/wp\/v2\/pages\/1590","targetHints":{"allow":["GET"]}}],"collection":[{"href":"https:\/\/erweckedeinpotential.de\/en\/wp-json\/wp\/v2\/pages"}],"about":[{"href":"https:\/\/erweckedeinpotential.de\/en\/wp-json\/wp\/v2\/types\/page"}],"author":[{"embeddable":true,"href":"https:\/\/erweckedeinpotential.de\/en\/wp-json\/wp\/v2\/users\/1"}],"replies":[{"embeddable":true,"href":"https:\/\/erweckedeinpotential.de\/en\/wp-json\/wp\/v2\/comments?post=1590"}],"version-history":[{"count":35,"href":"https:\/\/erweckedeinpotential.de\/en\/wp-json\/wp\/v2\/pages\/1590\/revisions"}],"predecessor-version":[{"id":1831,"href":"https:\/\/erweckedeinpotential.de\/en\/wp-json\/wp\/v2\/pages\/1590\/revisions\/1831"}],"wp:attachment":[{"href":"https:\/\/erweckedeinpotential.de\/en\/wp-json\/wp\/v2\/media?parent=1590"}],"curies":[{"name":"wp","href":"https:\/\/api.w.org\/{rel}","templated":true}]}}